{"id":51502,"date":"2023-09-21T11:30:07","date_gmt":"2023-09-21T11:30:07","guid":{"rendered":"https:\/\/www.loroparque.com\/conveniencia-de-las-presentaciones-de-orcas-delfines-leones-marinos-y-loros\/"},"modified":"2026-04-23T08:22:40","modified_gmt":"2026-04-23T08:22:40","slug":"conveniencia-de-las-presentaciones-de-orcas-delfines-leones-marinos-y-loros","status":"publish","type":"page","link":"https:\/\/www.loroparque.com\/en\/conveniencia-de-las-presentaciones-de-orcas-delfines-leones-marinos-y-loros\/","title":{"rendered":"Convenience of Presentations Featuring Orcas, Dolphins, Sea Lions, and Parrots"},"content":{"rendered":"[vc_row type=&#8221;in_container&#8221; full_screen_row_position=&#8221;middle&#8221; column_margin=&#8221;default&#8221; column_direction=&#8221;default&#8221; column_direction_tablet=&#8221;default&#8221; column_direction_phone=&#8221;default&#8221; scene_position=&#8221;center&#8221; text_color=&#8221;dark&#8221; text_align=&#8221;left&#8221; row_border_radius=&#8221;none&#8221; row_border_radius_applies=&#8221;bg&#8221; overflow=&#8221;visible&#8221; overlay_strength=&#8221;0.3&#8243; gradient_direction=&#8221;left_to_right&#8221; shape_divider_position=&#8221;bottom&#8221; bg_image_animation=&#8221;none&#8221;][vc_column column_padding=&#8221;no-extra-padding&#8221; column_padding_tablet=&#8221;inherit&#8221; column_padding_phone=&#8221;inherit&#8221; column_padding_position=&#8221;all&#8221; column_element_direction_desktop=&#8221;default&#8221; column_element_spacing=&#8221;default&#8221; desktop_text_alignment=&#8221;default&#8221; tablet_text_alignment=&#8221;default&#8221; phone_text_alignment=&#8221;default&#8221; background_color_opacity=&#8221;1&#8243; background_hover_color_opacity=&#8221;1&#8243; column_backdrop_filter=&#8221;none&#8221; column_shadow=&#8221;none&#8221; column_border_radius=&#8221;none&#8221; column_link_target=&#8221;_self&#8221; column_position=&#8221;default&#8221; gradient_direction=&#8221;left_to_right&#8221; overlay_strength=&#8221;0.3&#8243; width=&#8221;1\/6&#8243; tablet_width_inherit=&#8221;default&#8221; animation_type=&#8221;default&#8221; bg_image_animation=&#8221;none&#8221; border_type=&#8221;simple&#8221; column_border_width=&#8221;none&#8221; column_border_style=&#8221;solid&#8221;][\/vc_column][vc_column column_padding=&#8221;no-extra-padding&#8221; column_padding_tablet=&#8221;inherit&#8221; column_padding_phone=&#8221;inherit&#8221; column_padding_position=&#8221;all&#8221; column_element_direction_desktop=&#8221;default&#8221; column_element_spacing=&#8221;default&#8221; desktop_text_alignment=&#8221;default&#8221; tablet_text_alignment=&#8221;default&#8221; phone_text_alignment=&#8221;default&#8221; background_color_opacity=&#8221;1&#8243; background_hover_color_opacity=&#8221;1&#8243; column_backdrop_filter=&#8221;none&#8221; column_shadow=&#8221;none&#8221; column_border_radius=&#8221;none&#8221; column_link_target=&#8221;_self&#8221; column_position=&#8221;default&#8221; gradient_direction=&#8221;left_to_right&#8221; overlay_strength=&#8221;0.3&#8243; width=&#8221;2\/3&#8243; tablet_width_inherit=&#8221;default&#8221; animation_type=&#8221;default&#8221; bg_image_animation=&#8221;none&#8221; border_type=&#8221;simple&#8221; column_border_width=&#8221;none&#8221; column_border_style=&#8221;solid&#8221;][vc_column_text text_direction=&#8221;default&#8221;]\n<h1 style=\"text-align: center;\"><strong>Convenience of Presentations Featuring Orcas, Dolphins, Sea Lions, and Parrots<\/strong><\/h1>\n[\/vc_column_text][divider line_type=&#8221;No Line&#8221;][vc_row_inner column_margin=&#8221;default&#8221; column_direction=&#8221;default&#8221; column_direction_tablet=&#8221;default&#8221; column_direction_phone=&#8221;default&#8221; text_align=&#8221;left&#8221; row_position=&#8221;default&#8221; row_position_tablet=&#8221;inherit&#8221; row_position_phone=&#8221;inherit&#8221; overflow=&#8221;visible&#8221; pointer_events=&#8221;all&#8221;][vc_column_inner column_padding=&#8221;no-extra-padding&#8221; column_padding_tablet=&#8221;inherit&#8221; column_padding_phone=&#8221;inherit&#8221; column_padding_position=&#8221;all&#8221; column_element_direction_desktop=&#8221;default&#8221; column_element_spacing=&#8221;default&#8221; desktop_text_alignment=&#8221;default&#8221; tablet_text_alignment=&#8221;default&#8221; phone_text_alignment=&#8221;default&#8221; background_color_opacity=&#8221;1&#8243; background_hover_color_opacity=&#8221;1&#8243; column_backdrop_filter=&#8221;none&#8221; column_shadow=&#8221;none&#8221; column_border_radius=&#8221;none&#8221; column_link_target=&#8221;_self&#8221; overflow=&#8221;visible&#8221; gradient_direction=&#8221;left_to_right&#8221; overlay_strength=&#8221;0.3&#8243; width=&#8221;1\/2&#8243; tablet_width_inherit=&#8221;default&#8221; animation_type=&#8221;default&#8221; bg_image_animation=&#8221;none&#8221; border_type=&#8221;simple&#8221; column_border_width=&#8221;none&#8221; column_border_style=&#8221;solid&#8221;][image_with_animation image_url=&#8221;50929&#8243; image_size=&#8221;full&#8221; animation_type=&#8221;entrance&#8221; animation=&#8221;None&#8221; animation_movement_type=&#8221;transform_y&#8221; hover_animation=&#8221;none&#8221; alignment=&#8221;&#8221; border_radius=&#8221;none&#8221; box_shadow=&#8221;none&#8221; image_loading=&#8221;default&#8221; max_width=&#8221;100%&#8221; max_width_mobile=&#8221;default&#8221;][\/vc_column_inner][vc_column_inner column_padding=&#8221;no-extra-padding&#8221; column_padding_tablet=&#8221;inherit&#8221; column_padding_phone=&#8221;inherit&#8221; column_padding_position=&#8221;all&#8221; column_element_direction_desktop=&#8221;default&#8221; column_element_spacing=&#8221;default&#8221; desktop_text_alignment=&#8221;default&#8221; tablet_text_alignment=&#8221;default&#8221; phone_text_alignment=&#8221;default&#8221; background_color_opacity=&#8221;1&#8243; background_hover_color_opacity=&#8221;1&#8243; column_backdrop_filter=&#8221;none&#8221; column_shadow=&#8221;none&#8221; column_border_radius=&#8221;none&#8221; column_link_target=&#8221;_self&#8221; overflow=&#8221;visible&#8221; gradient_direction=&#8221;left_to_right&#8221; overlay_strength=&#8221;0.3&#8243; width=&#8221;1\/2&#8243; tablet_width_inherit=&#8221;default&#8221; animation_type=&#8221;default&#8221; bg_image_animation=&#8221;none&#8221; border_type=&#8221;simple&#8221; column_border_width=&#8221;none&#8221; column_border_style=&#8221;solid&#8221;][vc_column_text text_direction=&#8221;default&#8221;]The physical activity and mental challenges involved in training the animals participating in presentations are crucial to keeping them fit and in optimal conditions. Their activity is linked to achieving rewards, much like what occurs in nature: effort is rewarded with nourishment.<\/p>\n<p>The actions performed in the presentations are naturally occurring behaviors in the wild and are displayed to the public, generating enthusiasm for the animals. This is another significant way to create interest and stimulate commitment to the survival of these species in the wild.<\/p>\n[\/vc_column_text][\/vc_column_inner][\/vc_row_inner][divider line_type=&#8221;No Line&#8221;][\/vc_column][vc_column column_padding=&#8221;no-extra-padding&#8221; column_padding_tablet=&#8221;inherit&#8221; column_padding_phone=&#8221;inherit&#8221; column_padding_position=&#8221;all&#8221; column_element_direction_desktop=&#8221;default&#8221; column_element_spacing=&#8221;default&#8221; desktop_text_alignment=&#8221;default&#8221; tablet_text_alignment=&#8221;default&#8221; phone_text_alignment=&#8221;default&#8221; background_color_opacity=&#8221;1&#8243; background_hover_color_opacity=&#8221;1&#8243; column_backdrop_filter=&#8221;none&#8221; column_shadow=&#8221;none&#8221; column_border_radius=&#8221;none&#8221; column_link_target=&#8221;_self&#8221; column_position=&#8221;default&#8221; gradient_direction=&#8221;left_to_right&#8221; overlay_strength=&#8221;0.3&#8243; width=&#8221;1\/6&#8243; tablet_width_inherit=&#8221;default&#8221; animation_type=&#8221;default&#8221; bg_image_animation=&#8221;none&#8221; border_type=&#8221;simple&#8221; column_border_width=&#8221;none&#8221; column_border_style=&#8221;solid&#8221;][\/vc_column][\/vc_row]\n","protected":false},"excerpt":{"rendered":"<p>[vc_row type=&#8221;in_container&#8221; full_screen_row_position=&#8221;middle&#8221; column_margin=&#8221;default&#8221; column_direction=&#8221;default&#8221; column_direction_tablet=&#8221;default&#8221; column_direction_phone=&#8221;default&#8221; scene_position=&#8221;center&#8221; text_color=&#8221;dark&#8221; text_align=&#8221;left&#8221; row_border_radius=&#8221;none&#8221; row_border_radius_applies=&#8221;bg&#8221; overflow=&#8221;visible&#8221; overlay_strength=&#8221;0.3&#8243; gradient_direction=&#8221;left_to_right&#8221;&#8230;<\/p>\n","protected":false},"author":13,"featured_media":0,"parent":0,"menu_order":0,"comment_status":"closed","ping_status":"closed","template":"","meta":{"footnotes":""},"yoast_head":"<!-- This site is optimized with the Yoast SEO Premium plugin v22.5 (Yoast SEO v22.5) - https:\/\/yoast.com\/wordpress\/plugins\/seo\/ -->\n<title>Convenience of Animal Presentations<\/title>\n<meta name=\"description\" content=\"Loro Parque&#039;s animal presentations are designed to be both entertaining and educational, while also ensuring the well-being of the animals.\" \/>\n<meta name=\"robots\" content=\"index, follow, max-snippet:-1, max-image-preview:large, max-video-preview:-1\" \/>\n<link rel=\"canonical\" href=\"https:\/\/www.loroparque.com\/en\/conveniencia-de-las-presentaciones-de-orcas-delfines-leones-marinos-y-loros\/\" \/>\n<meta property=\"og:locale\" content=\"en_US\" \/>\n<meta property=\"og:type\" content=\"article\" \/>\n<meta property=\"og:title\" content=\"Convenience of Animal Presentations\" \/>\n<meta property=\"og:description\" content=\"Loro Parque&#039;s animal presentations are designed to be both entertaining and educational, while also ensuring the well-being of the animals.\" \/>\n<meta property=\"og:url\" content=\"https:\/\/www.loroparque.com\/en\/conveniencia-de-las-presentaciones-de-orcas-delfines-leones-marinos-y-loros\/\" \/>\n<meta property=\"og:site_name\" content=\"Loro Parque\" \/>\n<meta property=\"article:publisher\" content=\"https:\/\/www.facebook.com\/loroparque\" \/>\n<meta property=\"article:modified_time\" content=\"2026-04-23T08:22:40+00:00\" \/>\n<meta property=\"og:image\" content=\"https:\/\/www.loroparque.com\/app\/uploads\/2022\/08\/LOGORRSS.jpg\" \/>\n\t<meta property=\"og:image:width\" content=\"300\" \/>\n\t<meta property=\"og:image:height\" content=\"300\" \/>\n\t<meta property=\"og:image:type\" content=\"image\/jpeg\" \/>\n<meta name=\"twitter:card\" content=\"summary_large_image\" \/>\n<meta name=\"twitter:site\" content=\"@loroparque\" \/>\n<script type=\"application\/ld+json\" class=\"yoast-schema-graph\">{\"@context\":\"https:\/\/schema.org\",\"@graph\":[{\"@type\":\"WebPage\",\"@id\":\"https:\/\/www.loroparque.com\/en\/conveniencia-de-las-presentaciones-de-orcas-delfines-leones-marinos-y-loros\/\",\"url\":\"https:\/\/www.loroparque.com\/en\/conveniencia-de-las-presentaciones-de-orcas-delfines-leones-marinos-y-loros\/\",\"name\":\"Convenience of Animal Presentations\",\"isPartOf\":{\"@id\":\"https:\/\/www.loroparque.com\/en\/#website\"},\"datePublished\":\"2023-09-21T11:30:07+00:00\",\"dateModified\":\"2026-04-23T08:22:40+00:00\",\"description\":\"Loro Parque's animal presentations are designed to be both entertaining and educational, while also ensuring the well-being of the animals.\",\"breadcrumb\":{\"@id\":\"https:\/\/www.loroparque.com\/en\/conveniencia-de-las-presentaciones-de-orcas-delfines-leones-marinos-y-loros\/#breadcrumb\"},\"inLanguage\":\"en-US\",\"potentialAction\":[{\"@type\":\"ReadAction\",\"target\":[\"https:\/\/www.loroparque.com\/en\/conveniencia-de-las-presentaciones-de-orcas-delfines-leones-marinos-y-loros\/\"]}]},{\"@type\":\"BreadcrumbList\",\"@id\":\"https:\/\/www.loroparque.com\/en\/conveniencia-de-las-presentaciones-de-orcas-delfines-leones-marinos-y-loros\/#breadcrumb\",\"itemListElement\":[{\"@type\":\"ListItem\",\"position\":1,\"name\":\"Inicio\",\"item\":\"https:\/\/www.loroparque.com\/en\/\"},{\"@type\":\"ListItem\",\"position\":2,\"name\":\"Convenience of Presentations Featuring Orcas, Dolphins, Sea Lions, and Parrots\"}]},{\"@type\":\"WebSite\",\"@id\":\"https:\/\/www.loroparque.com\/en\/#website\",\"url\":\"https:\/\/www.loroparque.com\/en\/\",\"name\":\"Loro Parque\",\"description\":\"El must de Canarias - Animal Embassy - Tenerife\",\"publisher\":{\"@id\":\"https:\/\/www.loroparque.com\/en\/#organization\"},\"alternateName\":\"loroparque.com\",\"potentialAction\":[{\"@type\":\"SearchAction\",\"target\":{\"@type\":\"EntryPoint\",\"urlTemplate\":\"https:\/\/www.loroparque.com\/en\/?s={search_term_string}\"},\"query-input\":\"required name=search_term_string\"}],\"inLanguage\":\"en-US\"},{\"@type\":\"Organization\",\"@id\":\"https:\/\/www.loroparque.com\/en\/#organization\",\"name\":\"Loro Parque\",\"alternateName\":\"loroparque.com\",\"url\":\"https:\/\/www.loroparque.com\/en\/\",\"logo\":{\"@type\":\"ImageObject\",\"inLanguage\":\"en-US\",\"@id\":\"https:\/\/www.loroparque.com\/en\/#\/schema\/logo\/image\/\",\"url\":\"https:\/\/www.loroparque.com\/app\/uploads\/2023\/03\/Logo-LP_vertical1-fondo-claro.png\",\"contentUrl\":\"https:\/\/www.loroparque.com\/app\/uploads\/2023\/03\/Logo-LP_vertical1-fondo-claro.png\",\"width\":1140,\"height\":870,\"caption\":\"Loro Parque\"},\"image\":{\"@id\":\"https:\/\/www.loroparque.com\/en\/#\/schema\/logo\/image\/\"},\"sameAs\":[\"https:\/\/www.facebook.com\/loroparque\",\"https:\/\/x.com\/loroparque\",\"https:\/\/www.instagram.com\/loroparque\/\",\"https:\/\/www.linkedin.com\/company\/loroparque\/\",\"https:\/\/www.youtube.com\/user\/Loroparquetenerife\",\"https:\/\/www.tiktok.com\/@loroparque_oficial\"],\"description\":\"Loro Parque es un centro de conservaci\u00f3n en Tenerife, reconocido como el mejor zoo moderno del mundo. Con m\u00e1s de 300 proyectos de conservaci\u00f3n y 29 millones de USD invertidos en protecci\u00f3n de especies, es un referente internacional en bienestar animal y educaci\u00f3n ambiental.\",\"email\":\"info@loroparque.com\",\"telephone\":\"0034922373841\",\"legalName\":\"LORO PARQUE, S.A.\",\"foundingDate\":\"1972-12-17\"}]}<\/script>\n<!-- \/ Yoast SEO Premium plugin. -->","yoast_head_json":{"title":"Convenience of Animal Presentations","description":"Loro Parque's animal presentations are designed to be both entertaining and educational, while also ensuring the well-being of the animals.","robots":{"index":"index","follow":"follow","max-snippet":"max-snippet:-1","max-image-preview":"max-image-preview:large","max-video-preview":"max-video-preview:-1"},"canonical":"https:\/\/www.loroparque.com\/en\/conveniencia-de-las-presentaciones-de-orcas-delfines-leones-marinos-y-loros\/","og_locale":"en_US","og_type":"article","og_title":"Convenience of Animal Presentations","og_description":"Loro Parque's animal presentations are designed to be both entertaining and educational, while also ensuring the well-being of the animals.","og_url":"https:\/\/www.loroparque.com\/en\/conveniencia-de-las-presentaciones-de-orcas-delfines-leones-marinos-y-loros\/","og_site_name":"Loro Parque","article_publisher":"https:\/\/www.facebook.com\/loroparque","article_modified_time":"2026-04-23T08:22:40+00:00","og_image":[{"width":300,"height":300,"url":"https:\/\/www.loroparque.com\/app\/uploads\/2022\/08\/LOGORRSS.jpg","type":"image\/jpeg"}],"twitter_card":"summary_large_image","twitter_site":"@loroparque","schema":{"@context":"https:\/\/schema.org","@graph":[{"@type":"WebPage","@id":"https:\/\/www.loroparque.com\/en\/conveniencia-de-las-presentaciones-de-orcas-delfines-leones-marinos-y-loros\/","url":"https:\/\/www.loroparque.com\/en\/conveniencia-de-las-presentaciones-de-orcas-delfines-leones-marinos-y-loros\/","name":"Convenience of Animal Presentations","isPartOf":{"@id":"https:\/\/www.loroparque.com\/en\/#website"},"datePublished":"2023-09-21T11:30:07+00:00","dateModified":"2026-04-23T08:22:40+00:00","description":"Loro Parque's animal presentations are designed to be both entertaining and educational, while also ensuring the well-being of the animals.","breadcrumb":{"@id":"https:\/\/www.loroparque.com\/en\/conveniencia-de-las-presentaciones-de-orcas-delfines-leones-marinos-y-loros\/#breadcrumb"},"inLanguage":"en-US","potentialAction":[{"@type":"ReadAction","target":["https:\/\/www.loroparque.com\/en\/conveniencia-de-las-presentaciones-de-orcas-delfines-leones-marinos-y-loros\/"]}]},{"@type":"BreadcrumbList","@id":"https:\/\/www.loroparque.com\/en\/conveniencia-de-las-presentaciones-de-orcas-delfines-leones-marinos-y-loros\/#breadcrumb","itemListElement":[{"@type":"ListItem","position":1,"name":"Inicio","item":"https:\/\/www.loroparque.com\/en\/"},{"@type":"ListItem","position":2,"name":"Convenience of Presentations Featuring Orcas, Dolphins, Sea Lions, and Parrots"}]},{"@type":"WebSite","@id":"https:\/\/www.loroparque.com\/en\/#website","url":"https:\/\/www.loroparque.com\/en\/","name":"Loro Parque","description":"El must de Canarias - Animal Embassy - Tenerife","publisher":{"@id":"https:\/\/www.loroparque.com\/en\/#organization"},"alternateName":"loroparque.com","potentialAction":[{"@type":"SearchAction","target":{"@type":"EntryPoint","urlTemplate":"https:\/\/www.loroparque.com\/en\/?s={search_term_string}"},"query-input":"required name=search_term_string"}],"inLanguage":"en-US"},{"@type":"Organization","@id":"https:\/\/www.loroparque.com\/en\/#organization","name":"Loro Parque","alternateName":"loroparque.com","url":"https:\/\/www.loroparque.com\/en\/","logo":{"@type":"ImageObject","inLanguage":"en-US","@id":"https:\/\/www.loroparque.com\/en\/#\/schema\/logo\/image\/","url":"https:\/\/www.loroparque.com\/app\/uploads\/2023\/03\/Logo-LP_vertical1-fondo-claro.png","contentUrl":"https:\/\/www.loroparque.com\/app\/uploads\/2023\/03\/Logo-LP_vertical1-fondo-claro.png","width":1140,"height":870,"caption":"Loro Parque"},"image":{"@id":"https:\/\/www.loroparque.com\/en\/#\/schema\/logo\/image\/"},"sameAs":["https:\/\/www.facebook.com\/loroparque","https:\/\/x.com\/loroparque","https:\/\/www.instagram.com\/loroparque\/","https:\/\/www.linkedin.com\/company\/loroparque\/","https:\/\/www.youtube.com\/user\/Loroparquetenerife","https:\/\/www.tiktok.com\/@loroparque_oficial"],"description":"Loro Parque es un centro de conservaci\u00f3n en Tenerife, reconocido como el mejor zoo moderno del mundo. Con m\u00e1s de 300 proyectos de conservaci\u00f3n y 29 millones de USD invertidos en protecci\u00f3n de especies, es un referente internacional en bienestar animal y educaci\u00f3n ambiental.","email":"info@loroparque.com","telephone":"0034922373841","legalName":"LORO PARQUE, S.A.","foundingDate":"1972-12-17"}]}},"_links":{"self":[{"href":"https:\/\/www.loroparque.com\/en\/wp-json\/wp\/v2\/pages\/51502"}],"collection":[{"href":"https:\/\/www.loroparque.com\/en\/wp-json\/wp\/v2\/pages"}],"about":[{"href":"https:\/\/www.loroparque.com\/en\/wp-json\/wp\/v2\/types\/page"}],"author":[{"embeddable":true,"href":"https:\/\/www.loroparque.com\/en\/wp-json\/wp\/v2\/users\/13"}],"replies":[{"embeddable":true,"href":"https:\/\/www.loroparque.com\/en\/wp-json\/wp\/v2\/comments?post=51502"}],"version-history":[{"count":3,"href":"https:\/\/www.loroparque.com\/en\/wp-json\/wp\/v2\/pages\/51502\/revisions"}],"predecessor-version":[{"id":57489,"href":"https:\/\/www.loroparque.com\/en\/wp-json\/wp\/v2\/pages\/51502\/revisions\/57489"}],"wp:attachment":[{"href":"https:\/\/www.loroparque.com\/en\/wp-json\/wp\/v2\/media?parent=51502"}],"curies":[{"name":"wp","href":"https:\/\/api.w.org\/{rel}","templated":true}]}}