{"id":49148,"date":"2021-01-21T19:02:52","date_gmt":"2021-01-21T19:02:52","guid":{"rendered":"https:\/\/www.loroparque.com\/?page_id=49148"},"modified":"2023-08-20T12:44:58","modified_gmt":"2023-08-20T12:44:58","slug":"impressum","status":"publish","type":"page","link":"https:\/\/www.loroparque.com\/de\/impressum\/","title":{"rendered":"Impressum"},"content":{"rendered":"<h1 style=\"text-align: center;\">RECHTLICHER HINWEIS<\/h1>\n<p><strong>I.- Informative Daten<\/strong><br \/>\nDie Internet-Domain siampark.net\/loroparque.com ist Eigentum der Handelsgesellschaft &#8220;LORO PARQUE, S.A.&#8221;, eingetragen im Reg. Mercantil de Santa Cruz de Tenerife, Blatt TF-535, mit Adresse in Avenida Loro Parque, s\/n, 38400, Puerto de la Cruz, Santa Cruz de Tenerife, Spanien, mit C. I.F. Nummer A-38009023 und Telefon (+34) 922.373.841 und Fax (+34) 922.375.021, E-Mail: siampark@siampark.net \/ loroparque@loroparque.com<br \/>\nUrheberrecht \u00a9 LORO PARQUE, S.A., Puerto de la Cruz (Santa Cruz de Tenerife), 2013.<\/p>\n<p>IN JEDEM FALL BLEIBEN ALLE RECHTE VORBEHALTEN:<\/p>\n<p>Die vollst\u00e4ndige oder teilweise Vervielf\u00e4ltigung, Verbreitung, Bereitstellung, \u00f6ffentliche Wiedergabe und Nutzung der Inhalte dieser Webseite in irgendeiner Form oder Weise ohne vorherige, ausdr\u00fcckliche und schriftliche Genehmigung, insbesondere auch die blo\u00dfe Vervielf\u00e4ltigung und\/oder Bereitstellung als Zusammenfassungen, Rezensionen oder Pressespiegel zu kommerziellen Zwecken oder direkt oder indirekt zu Gewinnzwecken, gegen die sich ausdr\u00fccklich ausgesprochen wird, ist verboten. Der Domainname dieser Website, siampark.net\/loroparque.com, ist das ausschlie\u00dfliche Eigentum der LORO PARQUE, S.A., daher w\u00fcrde die missbr\u00e4uchliche Verwendung der oben genannten Domain im Wirtschaftsverkehr eine Verletzung der durch ihre Registrierung verliehenen Rechte bedeuten und wird mit den gesetzlich vorgesehenen Mitteln verfolgt.<\/p>\n<p>Die Inanspruchnahme der in der Website siampark.net\/loroparque.com enthaltenen Dienstleistungen durch den Nutzer bedeutet das ausdr\u00fcckliche Einverst\u00e4ndnis mit den folgenden Punkten,<\/p>\n<p><strong>II.- Allgemeine Verkaufs- und Dienstleistungsbedingungen<\/strong><br \/>\na.-GEGENSTAND:<\/p>\n<p>Nutzer m\u00fcssen die aktuellen Allgemeinen Nutzungsbedingungen dieser Website lesen. Die Nutzung oder der Zugang zu dieser Website setzt die Kenntnis und volle Akzeptanz der unten aufgef\u00fchrten rechtlichen Hinweise und Bestimmungen voraus. Wenn Sie mit diesen nicht einverstanden sind, benutzen Sie diese Website bitte nicht. Die vorliegenden Gesch\u00e4ftsbedingungen ( im Folgenden die &#8220;Allgemeinen Gesch\u00e4ftsbedingungen&#8221;) regeln die Nutzung aller Dienstleistungen des Portals, siampark.net\/loroparque.com, eine Web-Seite, die von LORO PARQUE S.A erstellt wurde und deren Eigentum ist. Die Nutzer k\u00f6nnen sich an die Adresse wenden, die am Anfang dieses Dokuments angegeben ist:<\/p>\n<p>Durch die blo\u00dfe Nutzung dieser Website erkl\u00e4rt der Nutzer seine vollst\u00e4ndige und uneingeschr\u00e4nkte Zustimmung zu den Inhalten, die von LORO PARQUE S.A. jederzeit ge\u00e4ndert werden k\u00f6nnen. Die Nutzer haben ferner alle gesonderten Bedingungen, Hinweise oder Anweisungsvorschriften zu beachten, die ihnen in Bezug auf bestimmte Inhalte oder Dienste angezeigt werden und die die vorliegenden Allgemeinen Gesch\u00e4ftsbedingungen erg\u00e4nzen.<\/p>\n<p>b.- KAPAZIT\u00c4T<\/p>\n<p>Der Nutzer und\/oder Verbraucher erkl\u00e4rt sich mit dieser Vereinbarung einverstanden und akzeptiert die hierin festgelegten Bedingungen vollst\u00e4ndig, um diese Website zu nutzen und die angebotenen Dienstleistungen in Anspruch zu nehmen.<\/p>\n<p>c.- VERWENDUNG DURCH DEN NUTZER<\/p>\n<p>Der Nutzer verpflichtet sich, das Portal und die Dienstleistungen in \u00dcbereinstimmung mit dem Gesetz und den vorliegenden Allgemeinen Gesch\u00e4ftsbedingungen sowie mit der Moral, den guten Sitten und der \u00f6ffentlichen Ordnung zu nutzen. Aus diesem Grund wird er das Portal oder seine Dienstleistungen nicht f\u00fcr illegale Zwecke nutzen, die den vorliegenden Allgemeinen Gesch\u00e4ftsbedingungen widersprechen oder den Rechten und Interessen Dritter schaden oder diese in irgendeiner Weise besch\u00e4digen oder au\u00dfer Kraft setzen k\u00f6nnten. Gleicherma\u00dfen, es sei denn, Sie haben eine vorherige und ausdr\u00fcckliche Genehmigung erhalten, die speziell f\u00fcr diesen Zweck von LORO PARQUE S.A. erteilt wurde, verzichtet der Nuter darauf, jede Art von Inhalten zu beziehen oder zu versuchen zu beziehen, seien es Texte, Grafiken, Zeichnungen, Tondateien, Bilder oder Fotografien, Videos, Software und im Allgemeinen jede Art von Material, das \u00fcber das Portal oder die Dienste zug\u00e4nglich ist, indem er andere Mittel verwendet als die, die ihm zu diesem Zweck zur Verf\u00fcgung gestellt wurden oder die normalerweise im Internet zu diesem Zweck verwendet werden.<\/p>\n<p>d.- KOSTENLOSE MERKMALE DER DIENSTLEISTUNGEN<\/p>\n<p>Dieses Webportal ist \u00fcber die Adresse siampark.net zug\u00e4nglich, und seine Nutzung durch den Nutzer ist kostenlos, daher erfordert seine Visualisierung kein Abonnement oder Registrierung. Die Inanspruchnahme bestimmter Dienstleistungen oder Angebote kann jedoch die Registrierung des Nutzers auf der Website und das Akzeptieren bestimmter spezifischer Gesch\u00e4ftsbedingungen erfordern, die die vorliegenden Allgemeinen Gesch\u00e4ftsbedingungen erweitern und erg\u00e4nzen.<\/p>\n<p>e.-GERICHTSSTAND UND ANWENDBARES RECHT<\/p>\n<p>Der Nutzer oder Kunde erkl\u00e4rt sich damit einverstanden, dass das auf die Erbringung dieser Dienstleistung anwendbare Recht das spanische Recht ist, da es sich um den Ort der st\u00e4ndigen Niederlassung des Dienstleistungsanbieters handelt. Daher werden die hier angebotenen Dienstleistungen in \u00dcbereinstimmung mit den Bestimmungen des Gesetzes 34\/2002 vom 11. Juli \u00fcber die Dienste der Informationsgesellschaft und des elektronischen Handels und allen anderen entsprechenden Vorschriften geregelt.<\/p>\n<p>Gleicherma\u00dfen sind f\u00fcr alle Streitigkeiten, die sich aufgrund der Auslegung dieser Gesch\u00e4ftsbedingungen ergeben oder daraus ableiten, die Richter und Gerichte am Sitz des Dienstleisters, d.h. in Puerto de la Cruz, zust\u00e4ndig.<\/p>\n<p>f.- DATENSCHUTZPOLITIK<\/p>\n<p>Der Nutzer und\/oder Kunde muss, um die verschiedenen von LORO PARQUE, S.A. angebotenen Dienstleistungen in Anspruch zu nehmen, sowie f\u00fcr den Erhalt von Newslettern des Parks, sich als Kunde mit den erforderlichen Daten registrieren, und erkl\u00e4rt, dass alle bei der Registrierung gemachten Angaben wahrheitsgem\u00e4\u00df, vollst\u00e4ndig und richtig sind und, dass die Person, die sich registriert, gem\u00e4ss dem K\u00f6niglichen Dekret 1720\/2007 vom 21. Dezember 2007 zur Genehmigung der Verordnung zur Durchf\u00fchrung des Grundgesetzes 15\/1999 \u00fcber den Schutz personenbezogener Daten und der Verordnung (EU) 2016\/679 des Europ\u00e4ischen Parlaments und des Rates vom 27. April 2016 siampark.net\/loroparque.com die AUSDR\u00dcCKLICHE GENEHMIGUNG erteilt, die in den Feldern des Formulars enthaltenen pers\u00f6nlichen Daten in eine automatisierte Datei aufzunehmen, soweit dies f\u00fcr die ordnungsgem\u00e4\u00dfe Erbringung seiner Dienstleistungen erforderlich ist. Es wird darauf hingewiesen, dass der f\u00fcr die Datei Verantwortliche die Handelsgesellschaft LORO PARQUE, S.A. ist, deren Daten zu Beginn der vorliegenden Allgemeinen Verkaufsbedingungen zum Zweck der Aus\u00fcbung der im Gesetz und in der Verordnung (EU) vorgesehenen Rechte auf Zugang, Berichtigung, Streichung, Beschr\u00e4nkung, L\u00f6schung und Widerruf zur Verf\u00fcgung gestellt wurden. Ebenso wird die Weitergabe der genannten Daten an Dritte AUSDR\u00dcCKLICH GENEHMIGT, wenn dies f\u00fcr die angemessene Erbringung der vertraglich vereinbarten Dienstleistungen erforderlich ist, wobei stets die geltende Gesetzgebung zu beachten ist.<\/p>\n<p>g.- ZUSTIMMUNG ZUM EMPFANG ELEKTRONISCHER MITTEILUNGEN<\/p>\n<p>Der Nutzer gibt seine ausdr\u00fcckliche Zustimmung zum Erhalt elektronischer Mitteilungen mit Werbung und kommerziellen Nachrichten von LORO PARQUE, S.A. und den von ihm angebotenen oder vermarkteten Produkten oder Dienstleistungen. In jedem Fall hat LORO PARQUE, S.A. auf den entsprechenden Webseiten der Nutzer und\/oder Empf\u00e4nger die in diesen Verkaufsbedingungen genannten Kontaktm\u00f6glichkeiten zur Verf\u00fcgung gestellt, so dass diese jederzeit ihre Zustimmung und die Verarbeitung ihrer Daten zu Werbezwecken gem\u00e4\u00df den gesetzlichen Vorschriften in Artikel 7.3 der Verordnung (EU) 2016\/679 des Europ\u00e4ischen Parlaments und des Rates vom 27. April 2016 widerrufen k\u00f6nnen, per E-Mail an loroparque@loroparque.com oder siampark@siampark.net; oder per Brief an Av. Loro Parque, s\/n, 38400 &#8211; Puerto de la Cruz (Santa Cruz de Tenerife), mit einem entsprechenden Identit\u00e4tsnachweis.<\/p>\n<p>h.-RICHTIGKEIT DER INFORMATIONEN UND HAFTUNGSAUSSCHLUSS<\/p>\n<p>Alle Informationen \u00fcber Produkte, Dienstleistungen und Preise, die auf unserer Website angeboten werden, werden klar und genau angegeben. Ebenso bem\u00fcht sich LORO PARQUE, S.A. im Rahmen seiner M\u00f6glichkeiten, die auf der Seite enthaltenen Informationen wahrheitsgetreu und ohne Druckfehler anzubieten. Sollten zu irgendeinem Zeitpunkt Schreib- oder Druckfehler oder derartige Fehler auftreten, die au\u00dferhalb der Kontrolle von LORO PARQUE, S.A. liegen, werden diese sofort korrigiert und LORO PARQUE, S.A. \u00fcbernimmt hierf\u00fcr keine Haftung.<\/p>\n<p>Haftungsausschluss:<\/p>\n<p>h.1.- F\u00fcr den Inhalt und den Betrieb des Portals<\/p>\n<p>LORO PARQUE S.A. garantiert nicht die Verf\u00fcgbarkeit und kontinuierliche Funktionsf\u00e4higkeit des Portals, seiner Dienstleistungen und seiner Inhalte. Wenn es vertretbar und m\u00f6glich ist, wird LORO PARQUE S.A. jegliche Unterbrechung in der Funktionsweise der gleichen im Voraus bekannt geben. LORO PARQUE S.A. ist nicht verantwortlich f\u00fcr Sch\u00e4den oder Beeintr\u00e4chtigungen jeglicher Art, die durch mangelnde Verf\u00fcgbarkeit oder den Ausfall des Portals oder einer seiner Dienstleistungen verursacht werden k\u00f6nnen, oder f\u00fcr die Nichterreichbarkeit der verschiedenen Webseiten des Portals oder derjenigen, von denen aus bestimmte Dienstleistungen angeboten werden.<\/p>\n<p>h.2.- F\u00fcr die Nutzung des Portals und der Dienstleistungen durch die Nutzer<\/p>\n<p>LORO PARQUE S.A. ist nicht verpflichtet, die Nutzung des Portals und seiner Dienstleistungen durch die Nutzer zu kontrollieren, und garantiert daher nicht, dass die Nutzung des Portals und seiner Dienstleistungen in \u00dcbereinstimmung mit dem Gesetz, den vorliegenden Allgemeinen Gesch\u00e4ftsbedingungen und gegebenenfalls anderen spezifischen Bedingungen, die festgelegt werden k\u00f6nnen, erfolgt. LORO PARQUE S.A. ist nicht verantwortlich f\u00fcr Sch\u00e4den oder Beeintr\u00e4chtigungen jeglicher Art, die durch die unkorrekte, unangemessene oder unsachgem\u00e4\u00dfe Nutzung des Portals oder seiner Dienstleistungen durch die Nutzer verursacht werden k\u00f6nnen.<\/p>\n<p>h.3.-F\u00fcr die eigenen Inhalte<\/p>\n<p>Die Inhalte aller Art, die in den Webseiten des Portals enthalten sind, werden von LORO PARQUE S.A. in gutem Glauben sowohl mit Informationen aus internen Quellen (eigene Ausarbeitung) als auch aus externen Quellen des Unternehmens selbst zur Verf\u00fcgung gestellt. In Anbetracht dessen und der gro\u00dfen Menge an verf\u00fcgbaren Informationen garantiert LORO PARQUE S.A. nicht die vollst\u00e4ndige Genauigkeit oder Aktualisierung der verf\u00fcgbaren Daten oder Texte, obwohl das Unternehmen alle Anstrengungen unternimmt, um dies zu gew\u00e4hrleisten. LORO PARQUE S.A. garantiert weder die Nutzbarkeit des Portals oder seiner Dienstleistungen f\u00fcr eine bestimmte T\u00e4tigkeit noch die Eignung der in den Webseiten des Portals enthaltenen Inhalte f\u00fcr einen bestimmten Zweck, so dass sowohl der Zugang zu den Seiten als auch die Nutzung der Informationen, Inhalte und Dienstleistungen in der alleinigen Verantwortung des Nutzers liegt. LORO PARQUE, S.A. weist darauf hin, dass die Bilder, die auf der Website erscheinen, nur zur Orientierung dienen und keine vertragliche Verpflichtung implizieren. Die Informationen, die Pr\u00e4sentation und die von dieser Website angebotenen Dienstleistungen k\u00f6nnen periodischen oder gelegentlichen \u00c4nderungen unterliegen, \u00fcber die LORO PARQUE, S.A. nicht verpflichtet ist, die Nutzer zu informieren.<\/p>\n<p>h.4.- F\u00fcr Inhalte von Dritten<\/p>\n<p>Die Informationen, sowohl eigene als auch die von Dritten, die auf der Website siampark.net erscheinen, werden ohne jegliche Garantie f\u00fcr ihre Richtigkeit und Aktualisierung zur Verf\u00fcgung gestellt, daher ist LORO PARQUE S.A. in keinem Fall, weder direkt noch subsidi\u00e4r, f\u00fcr Inhalte, Informationen, Mitteilungen, Meinungen oder Manifestationen jeglicher Art verantwortlich, die ihren Ursprung beim Benutzer oder bei Dritten haben und die \u00fcber die Dienste des Portals kommuniziert, verbreitet, \u00fcbermittelt oder dargestellt werden.<\/p>\n<p>h.5.- Fehler<\/p>\n<p>In Bezug auf die oben genannten Punkte k\u00f6nnen die ver\u00f6ffentlichten Dokumente technische Inkonsistenzen oder unfreiwillige Druckfehler enthalten, f\u00fcr die LORO PARQUE, S.A. nicht verantwortlich gemacht werden kann. In jedem Fall entschuldigen wir uns f\u00fcr solche Fehler und verpflichten uns, sie so schnell wie m\u00f6glich zu korrigieren.<\/p>\n<p>i.- SICHERHEIT<\/p>\n<p>LORO PARQUE, S.A. bem\u00fcht sich nach besten Kr\u00e4ften, \u00fcber die gesetzlich vorgeschriebenen Sicherheitssysteme zu verf\u00fcgen, um den Zugriff Dritter auf unsere Datenbanken zu vermeiden. Daher wird das Senden und Weiterleiten von Daten durch den Benutzer \u00fcber unsere Website oder die vom Benutzer gesendeten Informationen durch elektronische Sicherheitstechniken im Netz gesch\u00fctzt, um die Vertraulichkeit der Mitteilungen der Nutzer sowie ein angemessenes Schutzniveau der pers\u00f6nlichen Daten zu gew\u00e4hrleisten.<\/p>\n<p>j.- COOKIES<\/p>\n<p>LORO PARQUE S.A. verwendet Cookies, wenn ein Nutzer die Websites und Seiten des Portals durchsucht. Der Zweck ihrer Verwendung besteht darin, den Nutzer zu identifizieren, den Verlauf seiner Besuche nachzuvollziehen und ihn so besser zu kennen, um die angebotene Dienstleistung zu verbessern. Cookies beziehen sich nur auf einen anonymen Nutzer und erlauben keinen Zugriff auf pers\u00f6nliche Daten oder Daten von der Festplatte des Computers des Nutzers. Die meisten Browser-Programme akzeptieren Cookies automatisch, aber der Benutzer hat die M\u00f6glichkeit, seinen Browser so zu konfigurieren, dass er vor dem Empfang von Cookies gewarnt wird oder sie nicht akzeptiert, ohne dass dies den Zugang zu den Webseiten des Portals einschr\u00e4nkt.<\/p>\n<p>k.-KENNTNISSNAHME UND ANERKENNUNG<\/p>\n<p>Der Abschluss eines Vertrages \u00fcber eine der von unserer Webseite angebotenen Dienstleistungen setzt die Kenntnisnahme und ausdr\u00fcckliche Zustimmung zu den vorliegenden Gesch\u00e4ftsbedingungen voraus. Das Dokument, in dem die m\u00f6glichen Vertr\u00e4ge formalisiert werden, wird in einer Datenbank gespeichert, die nur von LORO PARQUE, S.A. zug\u00e4nglich ist, gem\u00e4\u00df den Bedingungen, die im Abschnitt &#8220;Datenschutz&#8221; der Nutzungsbedingungen dieser Website aufgef\u00fchrt sind. Gleicherma\u00dfen kann der Kunde und\/oder Nutzer Fehler in den eingegebenen Daten identifizieren und korrigieren, indem er LORO PARQUE, S.A. benachrichtigt, wie in der Klausel zur Datenschutzpolitik dieser Website angegeben.<\/p>\n<p>l.- NICHTIGKEIT<\/p>\n<p>Sollte eine in diesen allgemeinen Gesch\u00e4ftsbedingungen enthaltene Klausel ganz oder teilweise f\u00fcr nichtig erkl\u00e4rt werden, so w\u00fcrde sich diese Nichtigkeit oder Unwirksamkeit nur auf diese Bestimmung oder den nichtigen Teil der Bestimmung auswirken, wobei die allgemeinen Gesch\u00e4ftsbedingungen in vollem Umfang in Kraft und wirksam bleiben, w\u00e4hrend diese Bestimmung oder der betroffene Teil der Bestimmung als nicht gemacht gilt.<\/p>\n<p>m.-ZAHLUNGSWEISE<\/p>\n<p>Als Zahlungsmittel werden Kredit- oder Debitkarten akzeptiert, \u00fcber Redsys werden die meisten Karten wie Visa, Visa Electron, Mastercard, Maestro akzeptiert. Die Zahlung erfolgt \u00fcber die sichere Zahlungsplattform von Santander Elavon. Wir speichern unter keinen Umst\u00e4nden Kartennummern.<\/p>\n<p>n.- VERSAND<\/p>\n<p>Die Zustellung der Tickets erfolgt \u00fcber den Kundenbereich auf der Website und\/oder per E-Mail, da es sich um ein virtuelles Produkt im PDF-Format handelt und dies als der einfachste und sicherste Weg erachtet wird.<\/p>\n<p>o.-R\u00dcCKGABE-UND STORNIERUNGSPOLITIK<\/p>\n<p>Eintrittskarten k\u00f6nnen nicht r\u00fcckerstattet werden.<\/p>\n<p>p.-ZUGANG<\/p>\n<p>Kinder unter 14 Jahren d\u00fcrfen den Park nicht ohne Begleitung eines Erwachsenen betreten.<\/p>\n","protected":false},"excerpt":{"rendered":"<p>RECHTLICHER HINWEIS I.- Informative Daten Die Internet-Domain siampark.net\/loroparque.com ist Eigentum der Handelsgesellschaft &#8220;LORO PARQUE, S.A.&#8221;,&#8230;<\/p>\n","protected":false},"author":14,"featured_media":0,"parent":0,"menu_order":0,"comment_status":"closed","ping_status":"closed","template":"","meta":{"footnotes":""},"yoast_head":"<!-- This site is optimized with the Yoast SEO Premium plugin v22.5 (Yoast SEO v22.5) - https:\/\/yoast.com\/wordpress\/plugins\/seo\/ -->\n<title>Impressum &#8226; Loro Parque<\/title>\n<meta name=\"description\" content=\"Der beste moderne Zoo der Welt laut Tripadvisor. Loro Parque, Botschaft der Tiere, ein Bezugspunkt f\u00fcr die Erhaltung und den Schutz der Arten auf Teneriffa.\" \/>\n<meta name=\"robots\" content=\"noindex, nofollow\" \/>\n<meta property=\"og:locale\" content=\"de_DE\" \/>\n<meta property=\"og:type\" content=\"article\" \/>\n<meta property=\"og:title\" content=\"Impressum &#8226; Loro Parque\" \/>\n<meta property=\"og:description\" content=\"Der beste moderne Zoo der Welt laut Tripadvisor. Loro Parque, Botschaft der Tiere, ein Bezugspunkt f\u00fcr die Erhaltung und den Schutz der Arten auf Teneriffa.\" \/>\n<meta property=\"og:url\" content=\"https:\/\/www.loroparque.com\/de\/impressum\/\" \/>\n<meta property=\"og:site_name\" content=\"Loro Parque\" \/>\n<meta property=\"article:publisher\" content=\"https:\/\/www.facebook.com\/loroparque\" \/>\n<meta property=\"article:modified_time\" content=\"2023-08-20T12:44:58+00:00\" \/>\n<meta property=\"og:image\" content=\"https:\/\/www.loroparque.com\/app\/uploads\/2022\/08\/LOGORRSS.jpg\" \/>\n\t<meta property=\"og:image:width\" content=\"300\" \/>\n\t<meta property=\"og:image:height\" content=\"300\" \/>\n\t<meta property=\"og:image:type\" content=\"image\/jpeg\" \/>\n<meta name=\"twitter:card\" content=\"summary_large_image\" \/>\n<meta name=\"twitter:site\" content=\"@loroparque\" \/>\n<script type=\"application\/ld+json\" class=\"yoast-schema-graph\">{\"@context\":\"https:\/\/schema.org\",\"@graph\":[{\"@type\":\"WebPage\",\"@id\":\"https:\/\/www.loroparque.com\/de\/impressum\/\",\"url\":\"https:\/\/www.loroparque.com\/de\/impressum\/\",\"name\":\"Impressum &#8226; Loro Parque\",\"isPartOf\":{\"@id\":\"https:\/\/www.loroparque.com\/de\/#website\"},\"datePublished\":\"2021-01-21T19:02:52+00:00\",\"dateModified\":\"2023-08-20T12:44:58+00:00\",\"description\":\"Der beste moderne Zoo der Welt laut Tripadvisor. Loro Parque, Botschaft der Tiere, ein Bezugspunkt f\u00fcr die Erhaltung und den Schutz der Arten auf Teneriffa.\",\"breadcrumb\":{\"@id\":\"https:\/\/www.loroparque.com\/de\/impressum\/#breadcrumb\"},\"inLanguage\":\"de-DE\",\"potentialAction\":[{\"@type\":\"ReadAction\",\"target\":[\"https:\/\/www.loroparque.com\/de\/impressum\/\"]}]},{\"@type\":\"BreadcrumbList\",\"@id\":\"https:\/\/www.loroparque.com\/de\/impressum\/#breadcrumb\",\"itemListElement\":[{\"@type\":\"ListItem\",\"position\":1,\"name\":\"Inicio\",\"item\":\"https:\/\/www.loroparque.com\/de\/\"},{\"@type\":\"ListItem\",\"position\":2,\"name\":\"Impressum\"}]},{\"@type\":\"WebSite\",\"@id\":\"https:\/\/www.loroparque.com\/de\/#website\",\"url\":\"https:\/\/www.loroparque.com\/de\/\",\"name\":\"Loro Parque\",\"description\":\"El must de Canarias - Animal Embassy - Tenerife\",\"publisher\":{\"@id\":\"https:\/\/www.loroparque.com\/de\/#organization\"},\"alternateName\":\"loroparque.com\",\"potentialAction\":[{\"@type\":\"SearchAction\",\"target\":{\"@type\":\"EntryPoint\",\"urlTemplate\":\"https:\/\/www.loroparque.com\/de\/?s={search_term_string}\"},\"query-input\":\"required name=search_term_string\"}],\"inLanguage\":\"de-DE\"},{\"@type\":\"Organization\",\"@id\":\"https:\/\/www.loroparque.com\/de\/#organization\",\"name\":\"Loro Parque\",\"alternateName\":\"loroparque.com\",\"url\":\"https:\/\/www.loroparque.com\/de\/\",\"logo\":{\"@type\":\"ImageObject\",\"inLanguage\":\"de-DE\",\"@id\":\"https:\/\/www.loroparque.com\/de\/#\/schema\/logo\/image\/\",\"url\":\"https:\/\/www.loroparque.com\/app\/uploads\/2023\/03\/Logo-LP_vertical1-fondo-claro.png\",\"contentUrl\":\"https:\/\/www.loroparque.com\/app\/uploads\/2023\/03\/Logo-LP_vertical1-fondo-claro.png\",\"width\":1140,\"height\":870,\"caption\":\"Loro Parque\"},\"image\":{\"@id\":\"https:\/\/www.loroparque.com\/de\/#\/schema\/logo\/image\/\"},\"sameAs\":[\"https:\/\/www.facebook.com\/loroparque\",\"https:\/\/x.com\/loroparque\",\"https:\/\/www.instagram.com\/loroparque\/\",\"https:\/\/www.linkedin.com\/company\/loroparque\/\",\"https:\/\/www.youtube.com\/user\/Loroparquetenerife\",\"https:\/\/www.tiktok.com\/@loroparque_oficial\"],\"description\":\"Loro Parque es un centro de conservaci\u00f3n en Tenerife, reconocido como el mejor zoo moderno del mundo. Con m\u00e1s de 300 proyectos de conservaci\u00f3n y 29 millones de USD invertidos en protecci\u00f3n de especies, es un referente internacional en bienestar animal y educaci\u00f3n ambiental.\",\"email\":\"info@loroparque.com\",\"telephone\":\"0034922373841\",\"legalName\":\"LORO PARQUE, S.A.\",\"foundingDate\":\"1972-12-17\"}]}<\/script>\n<!-- \/ Yoast SEO Premium plugin. -->","yoast_head_json":{"title":"Impressum &#8226; Loro Parque","description":"Der beste moderne Zoo der Welt laut Tripadvisor. Loro Parque, Botschaft der Tiere, ein Bezugspunkt f\u00fcr die Erhaltung und den Schutz der Arten auf Teneriffa.","robots":{"index":"noindex","follow":"nofollow"},"og_locale":"de_DE","og_type":"article","og_title":"Impressum &#8226; Loro Parque","og_description":"Der beste moderne Zoo der Welt laut Tripadvisor. Loro Parque, Botschaft der Tiere, ein Bezugspunkt f\u00fcr die Erhaltung und den Schutz der Arten auf Teneriffa.","og_url":"https:\/\/www.loroparque.com\/de\/impressum\/","og_site_name":"Loro Parque","article_publisher":"https:\/\/www.facebook.com\/loroparque","article_modified_time":"2023-08-20T12:44:58+00:00","og_image":[{"width":300,"height":300,"url":"https:\/\/www.loroparque.com\/app\/uploads\/2022\/08\/LOGORRSS.jpg","type":"image\/jpeg"}],"twitter_card":"summary_large_image","twitter_site":"@loroparque","schema":{"@context":"https:\/\/schema.org","@graph":[{"@type":"WebPage","@id":"https:\/\/www.loroparque.com\/de\/impressum\/","url":"https:\/\/www.loroparque.com\/de\/impressum\/","name":"Impressum &#8226; Loro Parque","isPartOf":{"@id":"https:\/\/www.loroparque.com\/de\/#website"},"datePublished":"2021-01-21T19:02:52+00:00","dateModified":"2023-08-20T12:44:58+00:00","description":"Der beste moderne Zoo der Welt laut Tripadvisor. Loro Parque, Botschaft der Tiere, ein Bezugspunkt f\u00fcr die Erhaltung und den Schutz der Arten auf Teneriffa.","breadcrumb":{"@id":"https:\/\/www.loroparque.com\/de\/impressum\/#breadcrumb"},"inLanguage":"de-DE","potentialAction":[{"@type":"ReadAction","target":["https:\/\/www.loroparque.com\/de\/impressum\/"]}]},{"@type":"BreadcrumbList","@id":"https:\/\/www.loroparque.com\/de\/impressum\/#breadcrumb","itemListElement":[{"@type":"ListItem","position":1,"name":"Inicio","item":"https:\/\/www.loroparque.com\/de\/"},{"@type":"ListItem","position":2,"name":"Impressum"}]},{"@type":"WebSite","@id":"https:\/\/www.loroparque.com\/de\/#website","url":"https:\/\/www.loroparque.com\/de\/","name":"Loro Parque","description":"El must de Canarias - Animal Embassy - Tenerife","publisher":{"@id":"https:\/\/www.loroparque.com\/de\/#organization"},"alternateName":"loroparque.com","potentialAction":[{"@type":"SearchAction","target":{"@type":"EntryPoint","urlTemplate":"https:\/\/www.loroparque.com\/de\/?s={search_term_string}"},"query-input":"required name=search_term_string"}],"inLanguage":"de-DE"},{"@type":"Organization","@id":"https:\/\/www.loroparque.com\/de\/#organization","name":"Loro Parque","alternateName":"loroparque.com","url":"https:\/\/www.loroparque.com\/de\/","logo":{"@type":"ImageObject","inLanguage":"de-DE","@id":"https:\/\/www.loroparque.com\/de\/#\/schema\/logo\/image\/","url":"https:\/\/www.loroparque.com\/app\/uploads\/2023\/03\/Logo-LP_vertical1-fondo-claro.png","contentUrl":"https:\/\/www.loroparque.com\/app\/uploads\/2023\/03\/Logo-LP_vertical1-fondo-claro.png","width":1140,"height":870,"caption":"Loro Parque"},"image":{"@id":"https:\/\/www.loroparque.com\/de\/#\/schema\/logo\/image\/"},"sameAs":["https:\/\/www.facebook.com\/loroparque","https:\/\/x.com\/loroparque","https:\/\/www.instagram.com\/loroparque\/","https:\/\/www.linkedin.com\/company\/loroparque\/","https:\/\/www.youtube.com\/user\/Loroparquetenerife","https:\/\/www.tiktok.com\/@loroparque_oficial"],"description":"Loro Parque es un centro de conservaci\u00f3n en Tenerife, reconocido como el mejor zoo moderno del mundo. Con m\u00e1s de 300 proyectos de conservaci\u00f3n y 29 millones de USD invertidos en protecci\u00f3n de especies, es un referente internacional en bienestar animal y educaci\u00f3n ambiental.","email":"info@loroparque.com","telephone":"0034922373841","legalName":"LORO PARQUE, S.A.","foundingDate":"1972-12-17"}]}},"_links":{"self":[{"href":"https:\/\/www.loroparque.com\/de\/wp-json\/wp\/v2\/pages\/49148"}],"collection":[{"href":"https:\/\/www.loroparque.com\/de\/wp-json\/wp\/v2\/pages"}],"about":[{"href":"https:\/\/www.loroparque.com\/de\/wp-json\/wp\/v2\/types\/page"}],"author":[{"embeddable":true,"href":"https:\/\/www.loroparque.com\/de\/wp-json\/wp\/v2\/users\/14"}],"replies":[{"embeddable":true,"href":"https:\/\/www.loroparque.com\/de\/wp-json\/wp\/v2\/comments?post=49148"}],"version-history":[{"count":3,"href":"https:\/\/www.loroparque.com\/de\/wp-json\/wp\/v2\/pages\/49148\/revisions"}],"predecessor-version":[{"id":50536,"href":"https:\/\/www.loroparque.com\/de\/wp-json\/wp\/v2\/pages\/49148\/revisions\/50536"}],"wp:attachment":[{"href":"https:\/\/www.loroparque.com\/de\/wp-json\/wp\/v2\/media?parent=49148"}],"curies":[{"name":"wp","href":"https:\/\/api.w.org\/{rel}","templated":true}]}}